{"id":4719,"date":"2023-12-23T19:59:47","date_gmt":"2023-12-23T19:59:47","guid":{"rendered":"https:\/\/rdkll.rs\/?page_id=4719"},"modified":"2024-09-21T13:54:03","modified_gmt":"2024-09-21T13:54:03","slug":"anja-nikcevic-anja-tattoo","status":"publish","type":"page","link":"https:\/\/rdkll.rs\/sr\/anja-nikcevic-anja-tattoo\/","title":{"rendered":"ANJA NIK\u010cEVI\u0106- ANJA TATTOO"},"content":{"rendered":"<div data-elementor-type=\"wp-page\" data-elementor-id=\"4719\" class=\"elementor elementor-4719\">\n\t\t\t\t<div class=\"elementor-element elementor-element-9e58ce8 e-flex e-con-boxed e-con e-parent\" data-id=\"9e58ce8\" data-element_type=\"container\" data-e-type=\"container\">\n\t\t\t\t\t<div class=\"e-con-inner\">\n\t\t<div class=\"elementor-element elementor-element-66cc353 e-con-full e-flex e-con e-child\" data-id=\"66cc353\" data-element_type=\"container\" data-e-type=\"container\">\n\t\t\t\t<div class=\"elementor-element elementor-element-e88bda2 elementor-widget elementor-widget-heading\" data-id=\"e88bda2\" data-element_type=\"widget\" data-e-type=\"widget\" data-widget_type=\"heading.default\">\n\t\t\t\t<div class=\"elementor-widget-container\">\n\t\t\t\t\t<h2 class=\"elementor-heading-title elementor-size-default\">Nikola<\/h2>\t\t\t\t<\/div>\n\t\t\t\t<\/div>\n\t\t\t\t<div class=\"elementor-element elementor-element-2a42414 elementor-widget elementor-widget-text-editor\" data-id=\"2a42414\" data-element_type=\"widget\" data-e-type=\"widget\" data-widget_type=\"text-editor.default\">\n\t\t\t\t<div class=\"elementor-widget-container\">\n\t\t\t\t\t\t\t\t\t<p><span style=\"font-weight: 400;\">Moje ime je Nikola. Ro\u0111en sam u Srbiji, u Beogradu 1992.<\/span><\/p><p><span style=\"font-weight: 400;\">Jo\u0161 od malih nogu sam imao interesovanje prema crtanju, \u0161to je kasnije izraslo u strast i na kraju i posao.<\/span><\/p><p><span style=\"font-weight: 400;\">2016. sam  diplomirao na Fakultetu za grafi\u010dki dizajn i fotografiju, a nakon toga do\u0161ao u kontakt sa tattoo ma\u0161inicom.<\/span><\/p><p><span style=\"font-weight: 400;\">2019. sam zavr\u0161io seminar kod poznatog tatu majstora D\u017eoni PG, i od tog trenutka zapo\u010deo profesionalnu tatu karijeru. Od tada razvijam svoj stil u neotradicionalu kao i u drugim kolor stilovima, koje volim da kombinujem, a od nedavno sam se zainteresovao i za kolor dotvork.<\/span><\/p><p><span style=\"font-weight: 400;\">Moje prvo gostovanje je bilo 2022. u Nema\u010dkoj, na koje i dalje odlazim, \u0161to je bila velika odsko\u010dna daska u mojoj karijeri.<\/span><\/p><p><span style=\"font-weight: 400;\">2023. god sam stekao nova iskustva u u\u010destovanju na tatu konvencijama u Beogradu i Sarajevu, \u0161to je bilo va\u017eno za napredak u mojoj karijeri.<\/span><\/p><p><span style=\"font-weight: 400;\">2024. god sam poceo da radim kao rezident artist u Roadkill tatu studiu, gde nastavljam da stvaram i razvijam svoj stil, kao i da razmenjujem iskustva sa ostatkom ekipe<\/span><\/p>\t\t\t\t\t\t\t\t<\/div>\n\t\t\t\t<\/div>\n\t\t\t\t<\/div>\n\t\t<div class=\"elementor-element elementor-element-5c71073 e-con-full e-flex e-con e-child\" data-id=\"5c71073\" data-element_type=\"container\" data-e-type=\"container\">\n\t\t\t\t<div class=\"elementor-element elementor-element-fadc571 elementor-widget elementor-widget-image\" data-id=\"fadc571\" data-element_type=\"widget\" data-e-type=\"widget\" data-widget_type=\"image.default\">\n\t\t\t\t<div class=\"elementor-widget-container\">\n\t\t\t\t\t\t\t\t\t\t\t\t\t\t\t<img fetchpriority=\"high\" decoding=\"async\" width=\"768\" height=\"1024\" src=\"https:\/\/rdkll.rs\/wp-content\/uploads\/2024\/09\/Artist-Nikola-Black-White-768x1024.jpg\" class=\"attachment-large size-large wp-image-5247\" alt=\"\" srcset=\"https:\/\/rdkll.rs\/wp-content\/uploads\/2024\/09\/Artist-Nikola-Black-White-768x1024.jpg 768w, https:\/\/rdkll.rs\/wp-content\/uploads\/2024\/09\/Artist-Nikola-Black-White-225x300.jpg 225w, https:\/\/rdkll.rs\/wp-content\/uploads\/2024\/09\/Artist-Nikola-Black-White-1152x1536.jpg 1152w, https:\/\/rdkll.rs\/wp-content\/uploads\/2024\/09\/Artist-Nikola-Black-White-9x12.jpg 9w, https:\/\/rdkll.rs\/wp-content\/uploads\/2024\/09\/Artist-Nikola-Black-White.jpg 1250w\" sizes=\"(max-width: 768px) 100vw, 768px\" \/>\t\t\t\t\t\t\t\t\t\t\t\t\t\t\t<\/div>\n\t\t\t\t<\/div>\n\t\t\t\t<\/div>\n\t\t\t\t\t<\/div>\n\t\t\t\t<\/div>\n\t\t<div class=\"elementor-element elementor-element-6aa511b e-flex e-con-boxed e-con e-parent\" data-id=\"6aa511b\" data-element_type=\"container\" data-e-type=\"container\" data-settings=\"{&quot;background_background&quot;:&quot;classic&quot;}\">\n\t\t\t\t\t<div class=\"e-con-inner\">\n\t\t\t\t<div class=\"elementor-element elementor-element-d778e3e elementor-widget elementor-widget-qi_addons_for_elementor_image_gallery_pinterest\" data-id=\"d778e3e\" data-element_type=\"widget\" data-e-type=\"widget\" data-widget_type=\"qi_addons_for_elementor_image_gallery_pinterest.default\">\n\t\t\t\t<div class=\"elementor-widget-container\">\n\t\t\t\t\t<div class=\"qodef-shortcode qodef-m qodef-qi-image-gallery-pinterest qodef-qi-fslightbox-popup qodef-popup-gallery qodef-image--hover-zoom qodef-qi-grid qodef-layout--qi-masonry qodef-col-num--3 qodef-responsive--predefined\">\n\t<div class=\"qodef-grid-inner\">\n\t\t\t<div class=\"qodef-qi-grid-masonry-sizer\"><\/div>\n<div class=\"qodef-e qodef-image-wrapper qodef-grid-item\">\n\t<div class=\"qodef-e-inner\">\n\t\t\t\t\t<a class=\"qodef-popup-item\" itemprop=\"image\" href=\"https:\/\/rdkll.rs\/wp-content\/uploads\/2024\/09\/sdggd-2-scaled.jpg\" data-type=\"image\" data-fslightbox=\"gallery-730\">\n\t\t\t\t\t<img decoding=\"async\" width=\"2560\" height=\"2560\" src=\"https:\/\/rdkll.rs\/wp-content\/uploads\/2024\/09\/sdggd-2-scaled.jpg\" class=\"attachment-full size-full\" alt=\"\" srcset=\"https:\/\/rdkll.rs\/wp-content\/uploads\/2024\/09\/sdggd-2-scaled.jpg 2560w, https:\/\/rdkll.rs\/wp-content\/uploads\/2024\/09\/sdggd-2-300x300.jpg 300w, https:\/\/rdkll.rs\/wp-content\/uploads\/2024\/09\/sdggd-2-1024x1024.jpg 1024w, https:\/\/rdkll.rs\/wp-content\/uploads\/2024\/09\/sdggd-2-150x150.jpg 150w, https:\/\/rdkll.rs\/wp-content\/uploads\/2024\/09\/sdggd-2-768x768.jpg 768w, https:\/\/rdkll.rs\/wp-content\/uploads\/2024\/09\/sdggd-2-1536x1536.jpg 1536w, https:\/\/rdkll.rs\/wp-content\/uploads\/2024\/09\/sdggd-2-2048x2048.jpg 2048w, https:\/\/rdkll.rs\/wp-content\/uploads\/2024\/09\/sdggd-2-12x12.jpg 12w, https:\/\/rdkll.rs\/wp-content\/uploads\/2024\/09\/sdggd-2-650x650.jpg 650w, https:\/\/rdkll.rs\/wp-content\/uploads\/2024\/09\/sdggd-2-1300x1300.jpg 1300w\" sizes=\"(max-width: 2560px) 100vw, 2560px\" \/>\t\t\t\t\t<\/a>\n\t\t\t<\/div>\n<\/div>\n<div class=\"qodef-e qodef-image-wrapper qodef-grid-item\">\n\t<div class=\"qodef-e-inner\">\n\t\t\t\t\t<a class=\"qodef-popup-item\" itemprop=\"image\" href=\"https:\/\/rdkll.rs\/wp-content\/uploads\/2024\/09\/IMG_9428-2-scaled.jpg\" data-type=\"image\" data-fslightbox=\"gallery-730\">\n\t\t\t\t\t<img decoding=\"async\" width=\"2048\" height=\"2560\" src=\"https:\/\/rdkll.rs\/wp-content\/uploads\/2024\/09\/IMG_9428-2-scaled.jpg\" class=\"attachment-full size-full\" alt=\"\" srcset=\"https:\/\/rdkll.rs\/wp-content\/uploads\/2024\/09\/IMG_9428-2-scaled.jpg 2048w, https:\/\/rdkll.rs\/wp-content\/uploads\/2024\/09\/IMG_9428-2-240x300.jpg 240w, https:\/\/rdkll.rs\/wp-content\/uploads\/2024\/09\/IMG_9428-2-819x1024.jpg 819w, https:\/\/rdkll.rs\/wp-content\/uploads\/2024\/09\/IMG_9428-2-768x960.jpg 768w, https:\/\/rdkll.rs\/wp-content\/uploads\/2024\/09\/IMG_9428-2-1229x1536.jpg 1229w, https:\/\/rdkll.rs\/wp-content\/uploads\/2024\/09\/IMG_9428-2-1639x2048.jpg 1639w, https:\/\/rdkll.rs\/wp-content\/uploads\/2024\/09\/IMG_9428-2-10x12.jpg 10w\" sizes=\"(max-width: 2048px) 100vw, 2048px\" \/>\t\t\t\t\t<\/a>\n\t\t\t<\/div>\n<\/div>\n<div class=\"qodef-e qodef-image-wrapper qodef-grid-item\">\n\t<div class=\"qodef-e-inner\">\n\t\t\t\t\t<a class=\"qodef-popup-item\" itemprop=\"image\" href=\"https:\/\/rdkll.rs\/wp-content\/uploads\/2024\/09\/IMG_9347-3-scaled.jpg\" data-type=\"image\" data-fslightbox=\"gallery-730\">\n\t\t\t\t\t<img loading=\"lazy\" decoding=\"async\" width=\"2048\" height=\"2560\" src=\"https:\/\/rdkll.rs\/wp-content\/uploads\/2024\/09\/IMG_9347-3-scaled.jpg\" class=\"attachment-full size-full\" alt=\"\" srcset=\"https:\/\/rdkll.rs\/wp-content\/uploads\/2024\/09\/IMG_9347-3-scaled.jpg 2048w, https:\/\/rdkll.rs\/wp-content\/uploads\/2024\/09\/IMG_9347-3-240x300.jpg 240w, https:\/\/rdkll.rs\/wp-content\/uploads\/2024\/09\/IMG_9347-3-819x1024.jpg 819w, https:\/\/rdkll.rs\/wp-content\/uploads\/2024\/09\/IMG_9347-3-768x960.jpg 768w, https:\/\/rdkll.rs\/wp-content\/uploads\/2024\/09\/IMG_9347-3-1229x1536.jpg 1229w, https:\/\/rdkll.rs\/wp-content\/uploads\/2024\/09\/IMG_9347-3-1638x2048.jpg 1638w, https:\/\/rdkll.rs\/wp-content\/uploads\/2024\/09\/IMG_9347-3-10x12.jpg 10w\" sizes=\"(max-width: 2048px) 100vw, 2048px\" \/>\t\t\t\t\t<\/a>\n\t\t\t<\/div>\n<\/div>\n<div class=\"qodef-e qodef-image-wrapper qodef-grid-item\">\n\t<div class=\"qodef-e-inner\">\n\t\t\t\t\t<a class=\"qodef-popup-item\" itemprop=\"image\" href=\"https:\/\/rdkll.rs\/wp-content\/uploads\/2024\/09\/IMG_9322-3-scaled.jpg\" data-type=\"image\" data-fslightbox=\"gallery-730\">\n\t\t\t\t\t<img loading=\"lazy\" decoding=\"async\" width=\"2048\" height=\"2560\" src=\"https:\/\/rdkll.rs\/wp-content\/uploads\/2024\/09\/IMG_9322-3-scaled.jpg\" class=\"attachment-full size-full\" alt=\"\" srcset=\"https:\/\/rdkll.rs\/wp-content\/uploads\/2024\/09\/IMG_9322-3-scaled.jpg 2048w, https:\/\/rdkll.rs\/wp-content\/uploads\/2024\/09\/IMG_9322-3-240x300.jpg 240w, https:\/\/rdkll.rs\/wp-content\/uploads\/2024\/09\/IMG_9322-3-819x1024.jpg 819w, https:\/\/rdkll.rs\/wp-content\/uploads\/2024\/09\/IMG_9322-3-768x960.jpg 768w, https:\/\/rdkll.rs\/wp-content\/uploads\/2024\/09\/IMG_9322-3-1229x1536.jpg 1229w, https:\/\/rdkll.rs\/wp-content\/uploads\/2024\/09\/IMG_9322-3-1638x2048.jpg 1638w, https:\/\/rdkll.rs\/wp-content\/uploads\/2024\/09\/IMG_9322-3-10x12.jpg 10w\" sizes=\"(max-width: 2048px) 100vw, 2048px\" \/>\t\t\t\t\t<\/a>\n\t\t\t<\/div>\n<\/div>\n<div class=\"qodef-e qodef-image-wrapper qodef-grid-item\">\n\t<div class=\"qodef-e-inner\">\n\t\t\t\t\t<a class=\"qodef-popup-item\" itemprop=\"image\" href=\"https:\/\/rdkll.rs\/wp-content\/uploads\/2024\/09\/IMG_8783-3-scaled.jpg\" data-type=\"image\" data-fslightbox=\"gallery-730\">\n\t\t\t\t\t<img loading=\"lazy\" decoding=\"async\" width=\"2048\" height=\"2560\" src=\"https:\/\/rdkll.rs\/wp-content\/uploads\/2024\/09\/IMG_8783-3-scaled.jpg\" class=\"attachment-full size-full\" alt=\"\" srcset=\"https:\/\/rdkll.rs\/wp-content\/uploads\/2024\/09\/IMG_8783-3-scaled.jpg 2048w, https:\/\/rdkll.rs\/wp-content\/uploads\/2024\/09\/IMG_8783-3-240x300.jpg 240w, https:\/\/rdkll.rs\/wp-content\/uploads\/2024\/09\/IMG_8783-3-819x1024.jpg 819w, https:\/\/rdkll.rs\/wp-content\/uploads\/2024\/09\/IMG_8783-3-768x960.jpg 768w, https:\/\/rdkll.rs\/wp-content\/uploads\/2024\/09\/IMG_8783-3-1229x1536.jpg 1229w, https:\/\/rdkll.rs\/wp-content\/uploads\/2024\/09\/IMG_8783-3-1638x2048.jpg 1638w, https:\/\/rdkll.rs\/wp-content\/uploads\/2024\/09\/IMG_8783-3-10x12.jpg 10w\" sizes=\"(max-width: 2048px) 100vw, 2048px\" \/>\t\t\t\t\t<\/a>\n\t\t\t<\/div>\n<\/div>\n<div class=\"qodef-e qodef-image-wrapper qodef-grid-item\">\n\t<div class=\"qodef-e-inner\">\n\t\t\t\t\t<a class=\"qodef-popup-item\" itemprop=\"image\" href=\"https:\/\/rdkll.rs\/wp-content\/uploads\/2024\/09\/DSC1025-3-scaled.jpg\" data-type=\"image\" data-fslightbox=\"gallery-730\">\n\t\t\t\t\t<img loading=\"lazy\" decoding=\"async\" width=\"2048\" height=\"2560\" src=\"https:\/\/rdkll.rs\/wp-content\/uploads\/2024\/09\/DSC1025-3-scaled.jpg\" class=\"attachment-full size-full\" alt=\"\" srcset=\"https:\/\/rdkll.rs\/wp-content\/uploads\/2024\/09\/DSC1025-3-scaled.jpg 2048w, https:\/\/rdkll.rs\/wp-content\/uploads\/2024\/09\/DSC1025-3-240x300.jpg 240w, https:\/\/rdkll.rs\/wp-content\/uploads\/2024\/09\/DSC1025-3-819x1024.jpg 819w, https:\/\/rdkll.rs\/wp-content\/uploads\/2024\/09\/DSC1025-3-768x960.jpg 768w, https:\/\/rdkll.rs\/wp-content\/uploads\/2024\/09\/DSC1025-3-1229x1536.jpg 1229w, https:\/\/rdkll.rs\/wp-content\/uploads\/2024\/09\/DSC1025-3-1639x2048.jpg 1639w, https:\/\/rdkll.rs\/wp-content\/uploads\/2024\/09\/DSC1025-3-10x12.jpg 10w\" sizes=\"(max-width: 2048px) 100vw, 2048px\" \/>\t\t\t\t\t<\/a>\n\t\t\t<\/div>\n<\/div>\n<div class=\"qodef-e qodef-image-wrapper qodef-grid-item\">\n\t<div class=\"qodef-e-inner\">\n\t\t\t\t\t<a class=\"qodef-popup-item\" itemprop=\"image\" href=\"https:\/\/rdkll.rs\/wp-content\/uploads\/2024\/09\/IMG_0434-2.jpg\" data-type=\"image\" data-fslightbox=\"gallery-730\">\n\t\t\t\t\t<img loading=\"lazy\" decoding=\"async\" width=\"2228\" height=\"2228\" src=\"https:\/\/rdkll.rs\/wp-content\/uploads\/2024\/09\/IMG_0434-2.jpg\" class=\"attachment-full size-full\" alt=\"\" srcset=\"https:\/\/rdkll.rs\/wp-content\/uploads\/2024\/09\/IMG_0434-2.jpg 2228w, https:\/\/rdkll.rs\/wp-content\/uploads\/2024\/09\/IMG_0434-2-300x300.jpg 300w, https:\/\/rdkll.rs\/wp-content\/uploads\/2024\/09\/IMG_0434-2-1024x1024.jpg 1024w, https:\/\/rdkll.rs\/wp-content\/uploads\/2024\/09\/IMG_0434-2-150x150.jpg 150w, https:\/\/rdkll.rs\/wp-content\/uploads\/2024\/09\/IMG_0434-2-768x768.jpg 768w, https:\/\/rdkll.rs\/wp-content\/uploads\/2024\/09\/IMG_0434-2-1536x1536.jpg 1536w, https:\/\/rdkll.rs\/wp-content\/uploads\/2024\/09\/IMG_0434-2-2048x2048.jpg 2048w, https:\/\/rdkll.rs\/wp-content\/uploads\/2024\/09\/IMG_0434-2-12x12.jpg 12w, https:\/\/rdkll.rs\/wp-content\/uploads\/2024\/09\/IMG_0434-2-650x650.jpg 650w, https:\/\/rdkll.rs\/wp-content\/uploads\/2024\/09\/IMG_0434-2-1300x1300.jpg 1300w\" sizes=\"(max-width: 2228px) 100vw, 2228px\" \/>\t\t\t\t\t<\/a>\n\t\t\t<\/div>\n<\/div>\n<div class=\"qodef-e qodef-image-wrapper qodef-grid-item\">\n\t<div class=\"qodef-e-inner\">\n\t\t\t\t\t<a class=\"qodef-popup-item\" itemprop=\"image\" href=\"https:\/\/rdkll.rs\/wp-content\/uploads\/2024\/09\/IMG_0616-3-scaled.jpg\" data-type=\"image\" data-fslightbox=\"gallery-730\">\n\t\t\t\t\t<img loading=\"lazy\" decoding=\"async\" width=\"2560\" height=\"2560\" src=\"https:\/\/rdkll.rs\/wp-content\/uploads\/2024\/09\/IMG_0616-3-scaled.jpg\" class=\"attachment-full size-full\" alt=\"\" srcset=\"https:\/\/rdkll.rs\/wp-content\/uploads\/2024\/09\/IMG_0616-3-scaled.jpg 2560w, https:\/\/rdkll.rs\/wp-content\/uploads\/2024\/09\/IMG_0616-3-300x300.jpg 300w, https:\/\/rdkll.rs\/wp-content\/uploads\/2024\/09\/IMG_0616-3-1024x1024.jpg 1024w, https:\/\/rdkll.rs\/wp-content\/uploads\/2024\/09\/IMG_0616-3-150x150.jpg 150w, https:\/\/rdkll.rs\/wp-content\/uploads\/2024\/09\/IMG_0616-3-768x768.jpg 768w, https:\/\/rdkll.rs\/wp-content\/uploads\/2024\/09\/IMG_0616-3-1536x1536.jpg 1536w, https:\/\/rdkll.rs\/wp-content\/uploads\/2024\/09\/IMG_0616-3-2048x2048.jpg 2048w, https:\/\/rdkll.rs\/wp-content\/uploads\/2024\/09\/IMG_0616-3-12x12.jpg 12w, https:\/\/rdkll.rs\/wp-content\/uploads\/2024\/09\/IMG_0616-3-650x650.jpg 650w, https:\/\/rdkll.rs\/wp-content\/uploads\/2024\/09\/IMG_0616-3-1300x1300.jpg 1300w\" sizes=\"(max-width: 2560px) 100vw, 2560px\" \/>\t\t\t\t\t<\/a>\n\t\t\t<\/div>\n<\/div>\n<div class=\"qodef-e qodef-image-wrapper qodef-grid-item\">\n\t<div class=\"qodef-e-inner\">\n\t\t\t\t\t<a class=\"qodef-popup-item\" itemprop=\"image\" href=\"https:\/\/rdkll.rs\/wp-content\/uploads\/2024\/09\/IMG_6268-scaled.jpg\" data-type=\"image\" data-fslightbox=\"gallery-730\">\n\t\t\t\t\t<img loading=\"lazy\" decoding=\"async\" width=\"2560\" height=\"2048\" src=\"https:\/\/rdkll.rs\/wp-content\/uploads\/2024\/09\/IMG_6268-scaled.jpg\" class=\"attachment-full size-full\" alt=\"\" srcset=\"https:\/\/rdkll.rs\/wp-content\/uploads\/2024\/09\/IMG_6268-scaled.jpg 2560w, https:\/\/rdkll.rs\/wp-content\/uploads\/2024\/09\/IMG_6268-300x240.jpg 300w, https:\/\/rdkll.rs\/wp-content\/uploads\/2024\/09\/IMG_6268-1024x819.jpg 1024w, https:\/\/rdkll.rs\/wp-content\/uploads\/2024\/09\/IMG_6268-768x614.jpg 768w, https:\/\/rdkll.rs\/wp-content\/uploads\/2024\/09\/IMG_6268-1536x1229.jpg 1536w, https:\/\/rdkll.rs\/wp-content\/uploads\/2024\/09\/IMG_6268-2048x1639.jpg 2048w, https:\/\/rdkll.rs\/wp-content\/uploads\/2024\/09\/IMG_6268-15x12.jpg 15w\" sizes=\"(max-width: 2560px) 100vw, 2560px\" \/>\t\t\t\t\t<\/a>\n\t\t\t<\/div>\n<\/div>\n\t<\/div>\n<\/div>\n\t\t\t\t<\/div>\n\t\t\t\t<\/div>\n\t\t\t\t\t<\/div>\n\t\t\t\t<\/div>\n\t\t<div class=\"elementor-element elementor-element-e974fd2 e-flex e-con-boxed e-con e-parent\" data-id=\"e974fd2\" data-element_type=\"container\" data-e-type=\"container\">\n\t\t\t\t\t<div class=\"e-con-inner\">\n\t\t\t\t\t<\/div>\n\t\t\t\t<\/div>\n\t\t\t\t<\/div>","protected":false},"excerpt":{"rendered":"<p>Nikola Hey there. My name is Nikola. I was born in Belgrade, Serbia, in 1992. Since a young age I was interested in drawing with, which later become my work and passion. In 2016. I finished a college for a graphic design and photography, and after that, I got in contact with a tattoo machine. [&hellip;]<\/p>\n","protected":false},"author":1,"featured_media":0,"parent":0,"menu_order":0,"comment_status":"closed","ping_status":"closed","template":"","meta":{"_coblocks_attr":"","_coblocks_dimensions":"","_coblocks_responsive_height":"","_coblocks_accordion_ie_support":"","footnotes":""},"class_list":["post-4719","page","type-page","status-publish","hentry"],"yoast_head":"<!-- This site is optimized with the Yoast SEO plugin v27.6 - https:\/\/yoast.com\/product\/yoast-seo-wordpress\/ -->\n<title>ANJA NIK\u010cEVI\u0106- ANJA TATTOO - Roadkill<\/title>\n<meta name=\"robots\" content=\"index, follow, max-snippet:-1, max-image-preview:large, max-video-preview:-1\" \/>\n<link rel=\"canonical\" href=\"https:\/\/rdkll.rs\/sr\/anja-nikcevic-anja-tattoo\/\" \/>\n<meta property=\"og:locale\" content=\"sr_RS\" \/>\n<meta property=\"og:type\" content=\"article\" \/>\n<meta property=\"og:title\" content=\"ANJA NIK\u010cEVI\u0106- ANJA TATTOO - Roadkill\" \/>\n<meta property=\"og:description\" content=\"Nikola Hey there. My name is Nikola. I was born in Belgrade, Serbia, in 1992. Since a young age I was interested in drawing with, which later become my work and passion. In 2016. I finished a college for a graphic design and photography, and after that, I got in contact with a tattoo machine. [&hellip;]\" \/>\n<meta property=\"og:url\" content=\"https:\/\/rdkll.rs\/sr\/anja-nikcevic-anja-tattoo\/\" \/>\n<meta property=\"og:site_name\" content=\"Roadkill\" \/>\n<meta property=\"article:publisher\" content=\"https:\/\/www.instagram.com\/rdkll.bg\/\" \/>\n<meta property=\"article:modified_time\" content=\"2024-09-21T13:54:03+00:00\" \/>\n<meta property=\"og:image\" content=\"https:\/\/rdkll.rs\/wp-content\/uploads\/2024\/09\/Artist-Nikola-Black-White-768x1024.jpg\" \/>\n<meta name=\"twitter:card\" content=\"summary_large_image\" \/>\n<meta name=\"twitter:label1\" content=\"\u041f\u0440\u043e\u0446\u0435\u045a\u0435\u043d\u043e \u0432\u0440\u0435\u043c\u0435 \u0447\u0438\u0442\u0430\u045a\u0430\" \/>\n\t<meta name=\"twitter:data1\" content=\"3 \u043c\u0438\u043d\u0443\u0442\u0430\" \/>\n<script type=\"application\/ld+json\" class=\"yoast-schema-graph\">{\"@context\":\"https:\\\/\\\/schema.org\",\"@graph\":[{\"@type\":\"WebPage\",\"@id\":\"https:\\\/\\\/rdkll.rs\\\/anja-nikcevic-anja-tattoo\\\/\",\"url\":\"https:\\\/\\\/rdkll.rs\\\/anja-nikcevic-anja-tattoo\\\/\",\"name\":\"ANJA NIK\u010cEVI\u0106- ANJA TATTOO - Roadkill\",\"isPartOf\":{\"@id\":\"https:\\\/\\\/rdkll.rs\\\/sr\\\/#website\"},\"primaryImageOfPage\":{\"@id\":\"https:\\\/\\\/rdkll.rs\\\/anja-nikcevic-anja-tattoo\\\/#primaryimage\"},\"image\":{\"@id\":\"https:\\\/\\\/rdkll.rs\\\/anja-nikcevic-anja-tattoo\\\/#primaryimage\"},\"thumbnailUrl\":\"https:\\\/\\\/rdkll.rs\\\/wp-content\\\/uploads\\\/2024\\\/09\\\/Artist-Nikola-Black-White-768x1024.jpg\",\"datePublished\":\"2023-12-23T19:59:47+00:00\",\"dateModified\":\"2024-09-21T13:54:03+00:00\",\"breadcrumb\":{\"@id\":\"https:\\\/\\\/rdkll.rs\\\/anja-nikcevic-anja-tattoo\\\/#breadcrumb\"},\"inLanguage\":\"sr-RS\",\"potentialAction\":[{\"@type\":\"ReadAction\",\"target\":[\"https:\\\/\\\/rdkll.rs\\\/anja-nikcevic-anja-tattoo\\\/\"]}]},{\"@type\":\"ImageObject\",\"inLanguage\":\"sr-RS\",\"@id\":\"https:\\\/\\\/rdkll.rs\\\/anja-nikcevic-anja-tattoo\\\/#primaryimage\",\"url\":\"https:\\\/\\\/rdkll.rs\\\/wp-content\\\/uploads\\\/2024\\\/09\\\/Artist-Nikola-Black-White-768x1024.jpg\",\"contentUrl\":\"https:\\\/\\\/rdkll.rs\\\/wp-content\\\/uploads\\\/2024\\\/09\\\/Artist-Nikola-Black-White-768x1024.jpg\"},{\"@type\":\"BreadcrumbList\",\"@id\":\"https:\\\/\\\/rdkll.rs\\\/anja-nikcevic-anja-tattoo\\\/#breadcrumb\",\"itemListElement\":[{\"@type\":\"ListItem\",\"position\":1,\"name\":\"Home\",\"item\":\"https:\\\/\\\/rdkll.rs\\\/\"},{\"@type\":\"ListItem\",\"position\":2,\"name\":\"ANJA NIK\u010cEVI\u0106- ANJA TATTOO\"}]},{\"@type\":\"WebSite\",\"@id\":\"https:\\\/\\\/rdkll.rs\\\/sr\\\/#website\",\"url\":\"https:\\\/\\\/rdkll.rs\\\/sr\\\/\",\"name\":\"Roadkill\",\"description\":\"Site offering detailed description of services offered by the Tattoo Studio Roadkill\",\"publisher\":{\"@id\":\"https:\\\/\\\/rdkll.rs\\\/sr\\\/#organization\"},\"potentialAction\":[{\"@type\":\"SearchAction\",\"target\":{\"@type\":\"EntryPoint\",\"urlTemplate\":\"https:\\\/\\\/rdkll.rs\\\/sr\\\/?s={search_term_string}\"},\"query-input\":{\"@type\":\"PropertyValueSpecification\",\"valueRequired\":true,\"valueName\":\"search_term_string\"}}],\"inLanguage\":\"sr-RS\"},{\"@type\":\"Organization\",\"@id\":\"https:\\\/\\\/rdkll.rs\\\/sr\\\/#organization\",\"name\":\"Roadkill\",\"url\":\"https:\\\/\\\/rdkll.rs\\\/sr\\\/\",\"logo\":{\"@type\":\"ImageObject\",\"inLanguage\":\"sr-RS\",\"@id\":\"https:\\\/\\\/rdkll.rs\\\/sr\\\/#\\\/schema\\\/logo\\\/image\\\/\",\"url\":\"https:\\\/\\\/rdkll.rs\\\/wp-content\\\/uploads\\\/2024\\\/02\\\/RDKLL-LOGO.png\",\"contentUrl\":\"https:\\\/\\\/rdkll.rs\\\/wp-content\\\/uploads\\\/2024\\\/02\\\/RDKLL-LOGO.png\",\"width\":498,\"height\":501,\"caption\":\"Roadkill\"},\"image\":{\"@id\":\"https:\\\/\\\/rdkll.rs\\\/sr\\\/#\\\/schema\\\/logo\\\/image\\\/\"},\"sameAs\":[\"https:\\\/\\\/www.instagram.com\\\/rdkll.bg\\\/\"]}]}<\/script>\n<!-- \/ Yoast SEO plugin. -->","yoast_head_json":{"title":"ANJA NIK\u010cEVI\u0106- ANJA TATTOO - Roadkill","robots":{"index":"index","follow":"follow","max-snippet":"max-snippet:-1","max-image-preview":"max-image-preview:large","max-video-preview":"max-video-preview:-1"},"canonical":"https:\/\/rdkll.rs\/sr\/anja-nikcevic-anja-tattoo\/","og_locale":"sr_RS","og_type":"article","og_title":"ANJA NIK\u010cEVI\u0106- ANJA TATTOO - Roadkill","og_description":"Nikola Hey there. My name is Nikola. I was born in Belgrade, Serbia, in 1992. Since a young age I was interested in drawing with, which later become my work and passion. In 2016. I finished a college for a graphic design and photography, and after that, I got in contact with a tattoo machine. [&hellip;]","og_url":"https:\/\/rdkll.rs\/sr\/anja-nikcevic-anja-tattoo\/","og_site_name":"Roadkill","article_publisher":"https:\/\/www.instagram.com\/rdkll.bg\/","article_modified_time":"2024-09-21T13:54:03+00:00","og_image":[{"url":"https:\/\/rdkll.rs\/wp-content\/uploads\/2024\/09\/Artist-Nikola-Black-White-768x1024.jpg","type":"","width":"","height":""}],"twitter_card":"summary_large_image","twitter_misc":{"\u041f\u0440\u043e\u0446\u0435\u045a\u0435\u043d\u043e \u0432\u0440\u0435\u043c\u0435 \u0447\u0438\u0442\u0430\u045a\u0430":"3 \u043c\u0438\u043d\u0443\u0442\u0430"},"schema":{"@context":"https:\/\/schema.org","@graph":[{"@type":"WebPage","@id":"https:\/\/rdkll.rs\/anja-nikcevic-anja-tattoo\/","url":"https:\/\/rdkll.rs\/anja-nikcevic-anja-tattoo\/","name":"ANJA NIK\u010cEVI\u0106- ANJA TATTOO - Roadkill","isPartOf":{"@id":"https:\/\/rdkll.rs\/sr\/#website"},"primaryImageOfPage":{"@id":"https:\/\/rdkll.rs\/anja-nikcevic-anja-tattoo\/#primaryimage"},"image":{"@id":"https:\/\/rdkll.rs\/anja-nikcevic-anja-tattoo\/#primaryimage"},"thumbnailUrl":"https:\/\/rdkll.rs\/wp-content\/uploads\/2024\/09\/Artist-Nikola-Black-White-768x1024.jpg","datePublished":"2023-12-23T19:59:47+00:00","dateModified":"2024-09-21T13:54:03+00:00","breadcrumb":{"@id":"https:\/\/rdkll.rs\/anja-nikcevic-anja-tattoo\/#breadcrumb"},"inLanguage":"sr-RS","potentialAction":[{"@type":"ReadAction","target":["https:\/\/rdkll.rs\/anja-nikcevic-anja-tattoo\/"]}]},{"@type":"ImageObject","inLanguage":"sr-RS","@id":"https:\/\/rdkll.rs\/anja-nikcevic-anja-tattoo\/#primaryimage","url":"https:\/\/rdkll.rs\/wp-content\/uploads\/2024\/09\/Artist-Nikola-Black-White-768x1024.jpg","contentUrl":"https:\/\/rdkll.rs\/wp-content\/uploads\/2024\/09\/Artist-Nikola-Black-White-768x1024.jpg"},{"@type":"BreadcrumbList","@id":"https:\/\/rdkll.rs\/anja-nikcevic-anja-tattoo\/#breadcrumb","itemListElement":[{"@type":"ListItem","position":1,"name":"Home","item":"https:\/\/rdkll.rs\/"},{"@type":"ListItem","position":2,"name":"ANJA NIK\u010cEVI\u0106- ANJA TATTOO"}]},{"@type":"WebSite","@id":"https:\/\/rdkll.rs\/sr\/#website","url":"https:\/\/rdkll.rs\/sr\/","name":"Roadkill","description":"Site offering detailed description of services offered by the Tattoo Studio Roadkill","publisher":{"@id":"https:\/\/rdkll.rs\/sr\/#organization"},"potentialAction":[{"@type":"SearchAction","target":{"@type":"EntryPoint","urlTemplate":"https:\/\/rdkll.rs\/sr\/?s={search_term_string}"},"query-input":{"@type":"PropertyValueSpecification","valueRequired":true,"valueName":"search_term_string"}}],"inLanguage":"sr-RS"},{"@type":"Organization","@id":"https:\/\/rdkll.rs\/sr\/#organization","name":"Roadkill","url":"https:\/\/rdkll.rs\/sr\/","logo":{"@type":"ImageObject","inLanguage":"sr-RS","@id":"https:\/\/rdkll.rs\/sr\/#\/schema\/logo\/image\/","url":"https:\/\/rdkll.rs\/wp-content\/uploads\/2024\/02\/RDKLL-LOGO.png","contentUrl":"https:\/\/rdkll.rs\/wp-content\/uploads\/2024\/02\/RDKLL-LOGO.png","width":498,"height":501,"caption":"Roadkill"},"image":{"@id":"https:\/\/rdkll.rs\/sr\/#\/schema\/logo\/image\/"},"sameAs":["https:\/\/www.instagram.com\/rdkll.bg\/"]}]}},"_links":{"self":[{"href":"https:\/\/rdkll.rs\/sr\/wp-json\/wp\/v2\/pages\/4719","targetHints":{"allow":["GET"]}}],"collection":[{"href":"https:\/\/rdkll.rs\/sr\/wp-json\/wp\/v2\/pages"}],"about":[{"href":"https:\/\/rdkll.rs\/sr\/wp-json\/wp\/v2\/types\/page"}],"author":[{"embeddable":true,"href":"https:\/\/rdkll.rs\/sr\/wp-json\/wp\/v2\/users\/1"}],"replies":[{"embeddable":true,"href":"https:\/\/rdkll.rs\/sr\/wp-json\/wp\/v2\/comments?post=4719"}],"version-history":[{"count":27,"href":"https:\/\/rdkll.rs\/sr\/wp-json\/wp\/v2\/pages\/4719\/revisions"}],"predecessor-version":[{"id":5257,"href":"https:\/\/rdkll.rs\/sr\/wp-json\/wp\/v2\/pages\/4719\/revisions\/5257"}],"wp:attachment":[{"href":"https:\/\/rdkll.rs\/sr\/wp-json\/wp\/v2\/media?parent=4719"}],"curies":[{"name":"wp","href":"https:\/\/api.w.org\/{rel}","templated":true}]}}