{"id":4523,"date":"2023-11-26T14:28:04","date_gmt":"2023-11-26T14:28:04","guid":{"rendered":"https:\/\/rdkll.rs\/?page_id=4523"},"modified":"2024-01-21T21:19:06","modified_gmt":"2024-01-21T21:19:06","slug":"faq","status":"publish","type":"page","link":"https:\/\/rdkll.rs\/sr\/faq\/","title":{"rendered":"FAQ"},"content":{"rendered":"<div data-elementor-type=\"wp-page\" data-elementor-id=\"4523\" class=\"elementor elementor-4523\">\n\t\t\t\t<div class=\"elementor-element elementor-element-115b2d4 e-con-full e-flex e-con e-parent\" data-id=\"115b2d4\" data-element_type=\"container\" data-e-type=\"container\">\n\t\t\t\t<div class=\"elementor-element elementor-element-e93f1c5 elementor-widget elementor-widget-tristero_core_accordion\" data-id=\"e93f1c5\" data-element_type=\"widget\" data-e-type=\"widget\" data-widget_type=\"tristero_core_accordion.default\">\n\t\t\t\t<div class=\"elementor-widget-container\">\n\t\t\t\t\t<div class=\"qodef-shortcode qodef-m  qodef-accordion clear qodef-behavior--accordion qodef-layout--simple\">\n\t<h6 class=\"qodef-accordion-title\">\n\t<span class=\"qodef-tab-title\" style=\"font-size: 15px;padding: 13px 0 14px 0;line-height: 1.35em\">\n\t\tDa li mogu da ponesem svoj dizajn?\t<\/span>\n\t<span class=\"qodef-accordion-mark\">\n\t\t<span class=\"qodef-icon--plus qodef-icon-elegant-icons icon_plus\"><\/span>\n\t\t<span class=\"qodef-icon--minus qodef-icon-elegant-icons  icon_minus-06\"><\/span>\n\t<\/span>\n<\/h6>\n<div class=\"qodef-accordion-content\">\n\t<div class=\"qodef-accordion-content-inner\">\n\t\t<p>Naravno! U Roadkill tattoo studiju rado \u0107emo prihvatiti tvoj dizajn tetova\u017ee koji \u017eeli\u0161 da uradi\u0161. Dizajn ili ideju mo\u017ee\u0161 da nam po\u0161alje\u0161 porukom u dm, najbolje na instagram, email-om ili direktno da donese\u0161 u studio. Ne mora\u0161 da brine\u0161 da li je dizajn perfektno nacrtan, to mo\u017ee biti skica u tvom telefonu ili na papiru, slika sa interneta ili ne\u0161to drugo, a na\u0161i tattoo umetnici \u0107e se pobrinuti da tvoju ideju pretvore u savr\u0161en dizajn na tvojoj ko\u017ei!<\/p>\t<\/div>\n<\/div><h6 class=\"qodef-accordion-title\">\n\t<span class=\"qodef-tab-title\" style=\"font-size: 15px;padding: 13px 0 14px 0;line-height: 1.35em\">\n\t\tKako da zaka\u017eem termin?\t<\/span>\n\t<span class=\"qodef-accordion-mark\">\n\t\t<span class=\"qodef-icon--plus qodef-icon-elegant-icons icon_plus\"><\/span>\n\t\t<span class=\"qodef-icon--minus qodef-icon-elegant-icons  icon_minus-06\"><\/span>\n\t<\/span>\n<\/h6>\n<div class=\"qodef-accordion-content\">\n\t<div class=\"qodef-accordion-content-inner\">\n\t\t<p>Zakazivanje u Roadkill tattoo studiju je vrlo lako! Kontaktiraj nas telefonom ili porukom u dm na Instagramu da zaka\u017eemo konsultaciju sa tattoo umetnikom, gde \u0107emo \u010duti tvoju ideju za dizajn tetova\u017ee ili, ukoliko nema\u0161 ideju, na\u0161i umetnici \u0107e ti rado pokazati veliku kolekciju pripremljenih fle\u0161 dizajnova, ili \u0107e ti pomo\u0107i da osmisli\u0161 unikatni dizajn za svoju tetova\u017eu. Nakon toga \u0107ete zajedno prona\u0107i termin koji ti najvi\u0161e odgovara. \u010cekamo te svaki dan u Cetinjskoj 15 u Beogradu!<\/p>\t<\/div>\n<\/div><h6 class=\"qodef-accordion-title\">\n\t<span class=\"qodef-tab-title\" style=\"font-size: 15px;padding: 13px 0 14px 0;line-height: 1.35em\">\n\t\tDa li mo\u017eete da popravite moju staru tetova\u017eu?\t<\/span>\n\t<span class=\"qodef-accordion-mark\">\n\t\t<span class=\"qodef-icon--plus qodef-icon-elegant-icons icon_plus\"><\/span>\n\t\t<span class=\"qodef-icon--minus qodef-icon-elegant-icons  icon_minus-06\"><\/span>\n\t<\/span>\n<\/h6>\n<div class=\"qodef-accordion-content\">\n\t<div class=\"qodef-accordion-content-inner\">\n\t\t<p>Popravka tvoje stare tetova\u017ee je interesantan i zahtevan proces. Najbolje bi bilo da u\u017eivo do\u0111e\u0161 u studio kako bi tattoo umetnik pogledao tvoju staru tetova\u017eu, \u010duo tvoju ideju za prepravku i dao najbolji savet za najefektniji coverup.<\/p>\t<\/div>\n<\/div><h6 class=\"qodef-accordion-title\">\n\t<span class=\"qodef-tab-title\" style=\"font-size: 15px;padding: 13px 0 14px 0;line-height: 1.35em\">\n\t\tKoliko \u0107e ko\u0161tati moja tetova\u017ea?\t<\/span>\n\t<span class=\"qodef-accordion-mark\">\n\t\t<span class=\"qodef-icon--plus qodef-icon-elegant-icons icon_plus\"><\/span>\n\t\t<span class=\"qodef-icon--minus qodef-icon-elegant-icons  icon_minus-06\"><\/span>\n\t<\/span>\n<\/h6>\n<div class=\"qodef-accordion-content\">\n\t<div class=\"qodef-accordion-content-inner\">\n\t\t<p>Ne postoji fiksna cena za tetova\u017ee. Cena zavisi od veli\u010dine i slo\u017eenosti, kao i toga na kom delu tela se radi. Da bi dobio informaciju koliko \u0107e tvoja tetova\u017ea ko\u0161tati, najbolje je da do\u0111e\u0161 na konsultaciju sa tattoo umetnikom ili da nam ideju\/dizajn po\u0161alje\u0161 u dm na Instagram ili email-om.<\/p>\t<\/div>\n<\/div><\/div>\t\t\t\t<\/div>\n\t\t\t\t<\/div>\n\t\t\t\t<\/div>\n\t\t\t\t<\/div>","protected":false},"excerpt":{"rendered":"<p>Can I bring my own design? Of course! At Roadkill tattoo studio we are happy to accept your design for tattoo. You can send your design or idea via message in dm, best on Ig, via email or you can come in the studio directly for a consultation. You don\u2019t have to worry if the [&hellip;]<\/p>\n","protected":false},"author":1,"featured_media":0,"parent":0,"menu_order":0,"comment_status":"closed","ping_status":"closed","template":"","meta":{"_coblocks_attr":"","_coblocks_dimensions":"","_coblocks_responsive_height":"","_coblocks_accordion_ie_support":"","footnotes":""},"class_list":["post-4523","page","type-page","status-publish","hentry"],"yoast_head":"<!-- This site is optimized with the Yoast SEO plugin v27.6 - https:\/\/yoast.com\/product\/yoast-seo-wordpress\/ -->\n<title>FAQ - Roadkill<\/title>\n<meta name=\"robots\" content=\"index, follow, max-snippet:-1, max-image-preview:large, max-video-preview:-1\" \/>\n<link rel=\"canonical\" href=\"https:\/\/rdkll.rs\/sr\/faq\/\" \/>\n<meta property=\"og:locale\" content=\"sr_RS\" \/>\n<meta property=\"og:type\" content=\"article\" \/>\n<meta property=\"og:title\" content=\"FAQ - Roadkill\" \/>\n<meta property=\"og:description\" content=\"Can I bring my own design? Of course! At Roadkill tattoo studio we are happy to accept your design for tattoo. You can send your design or idea via message in dm, best on Ig, via email or you can come in the studio directly for a consultation. You don\u2019t have to worry if the [&hellip;]\" \/>\n<meta property=\"og:url\" content=\"https:\/\/rdkll.rs\/sr\/faq\/\" \/>\n<meta property=\"og:site_name\" content=\"Roadkill\" \/>\n<meta property=\"article:publisher\" content=\"https:\/\/www.instagram.com\/rdkll.bg\/\" \/>\n<meta property=\"article:modified_time\" content=\"2024-01-21T21:19:06+00:00\" \/>\n<meta name=\"twitter:card\" content=\"summary_large_image\" \/>\n<meta name=\"twitter:label1\" content=\"\u041f\u0440\u043e\u0446\u0435\u045a\u0435\u043d\u043e \u0432\u0440\u0435\u043c\u0435 \u0447\u0438\u0442\u0430\u045a\u0430\" \/>\n\t<meta name=\"twitter:data1\" content=\"2 \u043c\u0438\u043d\u0443\u0442\u0430\" \/>\n<script type=\"application\/ld+json\" class=\"yoast-schema-graph\">{\"@context\":\"https:\\\/\\\/schema.org\",\"@graph\":[{\"@type\":\"WebPage\",\"@id\":\"https:\\\/\\\/rdkll.rs\\\/sr\\\/faq\\\/\",\"url\":\"https:\\\/\\\/rdkll.rs\\\/sr\\\/faq\\\/\",\"name\":\"FAQ - Roadkill\",\"isPartOf\":{\"@id\":\"https:\\\/\\\/rdkll.rs\\\/sr\\\/#website\"},\"datePublished\":\"2023-11-26T14:28:04+00:00\",\"dateModified\":\"2024-01-21T21:19:06+00:00\",\"breadcrumb\":{\"@id\":\"https:\\\/\\\/rdkll.rs\\\/sr\\\/faq\\\/#breadcrumb\"},\"inLanguage\":\"sr-RS\",\"potentialAction\":[{\"@type\":\"ReadAction\",\"target\":[\"https:\\\/\\\/rdkll.rs\\\/sr\\\/faq\\\/\"]}]},{\"@type\":\"BreadcrumbList\",\"@id\":\"https:\\\/\\\/rdkll.rs\\\/sr\\\/faq\\\/#breadcrumb\",\"itemListElement\":[{\"@type\":\"ListItem\",\"position\":1,\"name\":\"Home\",\"item\":\"https:\\\/\\\/rdkll.rs\\\/\"},{\"@type\":\"ListItem\",\"position\":2,\"name\":\"FAQ\"}]},{\"@type\":\"WebSite\",\"@id\":\"https:\\\/\\\/rdkll.rs\\\/sr\\\/#website\",\"url\":\"https:\\\/\\\/rdkll.rs\\\/sr\\\/\",\"name\":\"Roadkill\",\"description\":\"Site offering detailed description of services offered by the Tattoo Studio Roadkill\",\"publisher\":{\"@id\":\"https:\\\/\\\/rdkll.rs\\\/sr\\\/#organization\"},\"potentialAction\":[{\"@type\":\"SearchAction\",\"target\":{\"@type\":\"EntryPoint\",\"urlTemplate\":\"https:\\\/\\\/rdkll.rs\\\/sr\\\/?s={search_term_string}\"},\"query-input\":{\"@type\":\"PropertyValueSpecification\",\"valueRequired\":true,\"valueName\":\"search_term_string\"}}],\"inLanguage\":\"sr-RS\"},{\"@type\":\"Organization\",\"@id\":\"https:\\\/\\\/rdkll.rs\\\/sr\\\/#organization\",\"name\":\"Roadkill\",\"url\":\"https:\\\/\\\/rdkll.rs\\\/sr\\\/\",\"logo\":{\"@type\":\"ImageObject\",\"inLanguage\":\"sr-RS\",\"@id\":\"https:\\\/\\\/rdkll.rs\\\/sr\\\/#\\\/schema\\\/logo\\\/image\\\/\",\"url\":\"https:\\\/\\\/rdkll.rs\\\/wp-content\\\/uploads\\\/2024\\\/02\\\/RDKLL-LOGO.png\",\"contentUrl\":\"https:\\\/\\\/rdkll.rs\\\/wp-content\\\/uploads\\\/2024\\\/02\\\/RDKLL-LOGO.png\",\"width\":498,\"height\":501,\"caption\":\"Roadkill\"},\"image\":{\"@id\":\"https:\\\/\\\/rdkll.rs\\\/sr\\\/#\\\/schema\\\/logo\\\/image\\\/\"},\"sameAs\":[\"https:\\\/\\\/www.instagram.com\\\/rdkll.bg\\\/\"]}]}<\/script>\n<!-- \/ Yoast SEO plugin. -->","yoast_head_json":{"title":"FAQ - Roadkill","robots":{"index":"index","follow":"follow","max-snippet":"max-snippet:-1","max-image-preview":"max-image-preview:large","max-video-preview":"max-video-preview:-1"},"canonical":"https:\/\/rdkll.rs\/sr\/faq\/","og_locale":"sr_RS","og_type":"article","og_title":"FAQ - Roadkill","og_description":"Can I bring my own design? Of course! At Roadkill tattoo studio we are happy to accept your design for tattoo. You can send your design or idea via message in dm, best on Ig, via email or you can come in the studio directly for a consultation. You don\u2019t have to worry if the [&hellip;]","og_url":"https:\/\/rdkll.rs\/sr\/faq\/","og_site_name":"Roadkill","article_publisher":"https:\/\/www.instagram.com\/rdkll.bg\/","article_modified_time":"2024-01-21T21:19:06+00:00","twitter_card":"summary_large_image","twitter_misc":{"\u041f\u0440\u043e\u0446\u0435\u045a\u0435\u043d\u043e \u0432\u0440\u0435\u043c\u0435 \u0447\u0438\u0442\u0430\u045a\u0430":"2 \u043c\u0438\u043d\u0443\u0442\u0430"},"schema":{"@context":"https:\/\/schema.org","@graph":[{"@type":"WebPage","@id":"https:\/\/rdkll.rs\/sr\/faq\/","url":"https:\/\/rdkll.rs\/sr\/faq\/","name":"FAQ - Roadkill","isPartOf":{"@id":"https:\/\/rdkll.rs\/sr\/#website"},"datePublished":"2023-11-26T14:28:04+00:00","dateModified":"2024-01-21T21:19:06+00:00","breadcrumb":{"@id":"https:\/\/rdkll.rs\/sr\/faq\/#breadcrumb"},"inLanguage":"sr-RS","potentialAction":[{"@type":"ReadAction","target":["https:\/\/rdkll.rs\/sr\/faq\/"]}]},{"@type":"BreadcrumbList","@id":"https:\/\/rdkll.rs\/sr\/faq\/#breadcrumb","itemListElement":[{"@type":"ListItem","position":1,"name":"Home","item":"https:\/\/rdkll.rs\/"},{"@type":"ListItem","position":2,"name":"FAQ"}]},{"@type":"WebSite","@id":"https:\/\/rdkll.rs\/sr\/#website","url":"https:\/\/rdkll.rs\/sr\/","name":"Roadkill","description":"Site offering detailed description of services offered by the Tattoo Studio Roadkill","publisher":{"@id":"https:\/\/rdkll.rs\/sr\/#organization"},"potentialAction":[{"@type":"SearchAction","target":{"@type":"EntryPoint","urlTemplate":"https:\/\/rdkll.rs\/sr\/?s={search_term_string}"},"query-input":{"@type":"PropertyValueSpecification","valueRequired":true,"valueName":"search_term_string"}}],"inLanguage":"sr-RS"},{"@type":"Organization","@id":"https:\/\/rdkll.rs\/sr\/#organization","name":"Roadkill","url":"https:\/\/rdkll.rs\/sr\/","logo":{"@type":"ImageObject","inLanguage":"sr-RS","@id":"https:\/\/rdkll.rs\/sr\/#\/schema\/logo\/image\/","url":"https:\/\/rdkll.rs\/wp-content\/uploads\/2024\/02\/RDKLL-LOGO.png","contentUrl":"https:\/\/rdkll.rs\/wp-content\/uploads\/2024\/02\/RDKLL-LOGO.png","width":498,"height":501,"caption":"Roadkill"},"image":{"@id":"https:\/\/rdkll.rs\/sr\/#\/schema\/logo\/image\/"},"sameAs":["https:\/\/www.instagram.com\/rdkll.bg\/"]}]}},"_links":{"self":[{"href":"https:\/\/rdkll.rs\/sr\/wp-json\/wp\/v2\/pages\/4523","targetHints":{"allow":["GET"]}}],"collection":[{"href":"https:\/\/rdkll.rs\/sr\/wp-json\/wp\/v2\/pages"}],"about":[{"href":"https:\/\/rdkll.rs\/sr\/wp-json\/wp\/v2\/types\/page"}],"author":[{"embeddable":true,"href":"https:\/\/rdkll.rs\/sr\/wp-json\/wp\/v2\/users\/1"}],"replies":[{"embeddable":true,"href":"https:\/\/rdkll.rs\/sr\/wp-json\/wp\/v2\/comments?post=4523"}],"version-history":[{"count":1,"href":"https:\/\/rdkll.rs\/sr\/wp-json\/wp\/v2\/pages\/4523\/revisions"}],"predecessor-version":[{"id":4810,"href":"https:\/\/rdkll.rs\/sr\/wp-json\/wp\/v2\/pages\/4523\/revisions\/4810"}],"wp:attachment":[{"href":"https:\/\/rdkll.rs\/sr\/wp-json\/wp\/v2\/media?parent=4523"}],"curies":[{"name":"wp","href":"https:\/\/api.w.org\/{rel}","templated":true}]}}